{"id":101,"date":"2026-02-16T17:12:37","date_gmt":"2026-02-16T17:12:37","guid":{"rendered":"https:\/\/mieldeoveja.com\/?post_type=product&#038;p=101"},"modified":"2026-02-16T22:34:48","modified_gmt":"2026-02-16T22:34:48","slug":"sombrero-otonal","status":"publish","type":"product","link":"https:\/\/mieldeoveja.com\/?product=sombrero-otonal","title":{"rendered":"Sombrero Oto\u00f1al"},"content":{"rendered":"<p class=\"cvGsUA direction-ltr align-start para-style-body\"><span class=\"a_GcMg font-feature-liga-off font-feature-clig-off font-feature-calt-off text-decoration-none text-strikethrough-none\">Una locura expansiva fue y es \u00e9ste tutorial. calma y conexion interna profunda en cada paso.<\/span><\/p>\n<p class=\"cvGsUA direction-ltr align-start para-style-body\"><span class=\"a_GcMg font-feature-liga-off font-feature-clig-off font-feature-calt-off text-decoration-none text-strikethrough-none\">Ideas, colores y nuevas formas a lo b\u00e1sico<\/span><\/p>\n<p class=\"cvGsUA direction-ltr align-start para-style-body\"><span class=\"a_GcMg font-feature-liga-off font-feature-clig-off font-feature-calt-off text-decoration-none text-strikethrough-none\">I<\/span><span class=\"a_GcMg font-feature-liga-off font-feature-clig-off font-feature-calt-off text-decoration-none text-strikethrough-none\">ntensi\u00f3n: <\/span><span class=\"a_GcMg font-feature-liga-off font-feature-clig-off font-feature-calt-off text-decoration-none text-strikethrough-none\">Llevar del plano al 3d y del 3d a multiples posibilidades de dise\u00f1o y creatividad<\/span><\/p>\n<ul>\n<li><span class=\"a_GcMg font-feature-liga-off font-feature-clig-off font-feature-calt-off text-decoration-none text-strikethrough-none\">Grupo de whatsapp + Compa\u00f1eras<\/span><\/li>\n<li><span class=\"a_GcMg font-feature-liga-off font-feature-clig-off font-feature-calt-off text-decoration-none text-strikethrough-none\">PDF Material de apoyo: Materiales necesarios,<\/span><span class=\"a_GcMg font-feature-liga-off font-feature-clig-off font-feature-calt-off text-decoration-none text-strikethrough-none\">\u00a0t\u00e9cnicas, medidas de moldes<\/span><\/li>\n<li><span class=\"a_GcMg font-feature-liga-off font-feature-clig-off font-feature-calt-off text-decoration-none text-strikethrough-none\">Im\u00e1genes de inspiraci\u00f3n<\/span><\/li>\n<li><span class=\"a_GcMg font-feature-liga-off font-feature-clig-off font-feature-calt-off text-decoration-none text-strikethrough-none\">2 Tutoriales grabados en tiempo real (YouTube)<\/span><\/li>\n<li><span class=\"a_GcMg font-feature-liga-off font-feature-clig-off font-feature-calt-off text-decoration-none text-strikethrough-none\">Conexi\u00f3n creativa guiada\u00a0<\/span><\/li>\n<\/ul>\n","protected":false},"excerpt":{"rendered":"<p class=\"cvGsUA direction-ltr align-start para-style-body\"><span class=\"a_GcMg font-feature-liga-off font-feature-clig-off font-feature-calt-off text-decoration-none text-strikethrough-none\">Una locura expansiva fue y es \u00e9ste tutorial. calma y conexion interna profunda en cada paso.<\/span><\/p>\n<p class=\"cvGsUA direction-ltr align-start para-style-body\"><span class=\"a_GcMg font-feature-liga-off font-feature-clig-off font-feature-calt-off text-decoration-none text-strikethrough-none\">Ideas, colores y nuevas formas a lo b\u00e1sico<\/span><\/p>\n<p class=\"cvGsUA direction-ltr align-start para-style-body\"><span class=\"a_GcMg font-feature-liga-off font-feature-clig-off font-feature-calt-off text-decoration-none text-strikethrough-none\">I<\/span><span class=\"a_GcMg font-feature-liga-off font-feature-clig-off font-feature-calt-off text-decoration-none text-strikethrough-none\">ntensi\u00f3n: <\/span><span class=\"a_GcMg font-feature-liga-off font-feature-clig-off font-feature-calt-off text-decoration-none text-strikethrough-none\">Llevar del plano al 3d y del 3d a multiples posibilidades de dise\u00f1o y creatividad<\/span><\/p>\n","protected":false},"featured_media":102,"comment_status":"closed","ping_status":"closed","template":"","meta":[],"product_brand":[],"product_cat":[18,17],"product_tag":[21,22],"class_list":{"0":"post-101","1":"product","2":"type-product","3":"status-publish","4":"has-post-thumbnail","6":"product_cat-fieltro-humedo","7":"product_cat-salas-virtuales","8":"product_tag-fieltro-humedo","9":"product_tag-sombrero","11":"first","12":"instock","13":"virtual","14":"taxable","15":"purchasable","16":"product-type-simple"},"yoast_head":"<!-- This site is optimized with the Yoast SEO plugin v27.1.1 - https:\/\/yoast.com\/product\/yoast-seo-wordpress\/ -->\n<title>Sombrero Oto\u00f1al - Miel de oveja<\/title>\n<meta name=\"description\" content=\"Una locura expansiva fue y es \u00e9ste tutorial. calma y conexion interna profunda en cada paso. Ideas, colores y nuevas formas a lo b\u00e1sico\" \/>\n<meta name=\"robots\" content=\"index, follow, max-snippet:-1, max-image-preview:large, max-video-preview:-1\" \/>\n<link rel=\"canonical\" href=\"https:\/\/mieldeoveja.com\/?product=sombrero-otonal\" \/>\n<meta property=\"og:locale\" content=\"es_ES\" \/>\n<meta property=\"og:type\" content=\"article\" \/>\n<meta property=\"og:title\" content=\"Sombrero Oto\u00f1al - Miel de oveja\" \/>\n<meta property=\"og:description\" content=\"Una locura expansiva fue y es \u00e9ste tutorial. calma y conexion interna profunda en cada paso. Ideas, colores y nuevas formas a lo b\u00e1sico\" \/>\n<meta property=\"og:url\" content=\"https:\/\/mieldeoveja.com\/?product=sombrero-otonal\" \/>\n<meta property=\"og:site_name\" content=\"Miel de oveja\" \/>\n<meta property=\"article:modified_time\" content=\"2026-02-16T22:34:48+00:00\" \/>\n<meta property=\"og:image\" content=\"https:\/\/mieldeoveja.com\/wp-content\/uploads\/2026\/02\/Salas-virtuales-2.png\" \/>\n\t<meta property=\"og:image:width\" content=\"1080\" \/>\n\t<meta property=\"og:image:height\" content=\"1350\" \/>\n\t<meta property=\"og:image:type\" content=\"image\/png\" \/>\n<meta name=\"twitter:card\" content=\"summary_large_image\" \/>\n<meta name=\"twitter:label1\" content=\"Tiempo de lectura\" \/>\n\t<meta name=\"twitter:data1\" content=\"1 minuto\" \/>\n<script type=\"application\/ld+json\" class=\"yoast-schema-graph\">{\"@context\":\"https:\/\/schema.org\",\"@graph\":[{\"@type\":\"WebPage\",\"@id\":\"https:\/\/mieldeoveja.com\/?product=sombrero-otonal\",\"url\":\"https:\/\/mieldeoveja.com\/?product=sombrero-otonal\",\"name\":\"Sombrero Oto\u00f1al - Miel de oveja\",\"isPartOf\":{\"@id\":\"https:\/\/mieldeoveja.com\/#website\"},\"primaryImageOfPage\":{\"@id\":\"https:\/\/mieldeoveja.com\/?product=sombrero-otonal#primaryimage\"},\"image\":{\"@id\":\"https:\/\/mieldeoveja.com\/?product=sombrero-otonal#primaryimage\"},\"thumbnailUrl\":\"https:\/\/mieldeoveja.com\/wp-content\/uploads\/2026\/02\/Salas-virtuales-2.png\",\"datePublished\":\"2026-02-16T17:12:37+00:00\",\"dateModified\":\"2026-02-16T22:34:48+00:00\",\"description\":\"Una locura expansiva fue y es \u00e9ste tutorial. calma y conexion interna profunda en cada paso. Ideas, colores y nuevas formas a lo b\u00e1sico\",\"breadcrumb\":{\"@id\":\"https:\/\/mieldeoveja.com\/?product=sombrero-otonal#breadcrumb\"},\"inLanguage\":\"es\",\"potentialAction\":[{\"@type\":\"ReadAction\",\"target\":[\"https:\/\/mieldeoveja.com\/?product=sombrero-otonal\"]}]},{\"@type\":\"ImageObject\",\"inLanguage\":\"es\",\"@id\":\"https:\/\/mieldeoveja.com\/?product=sombrero-otonal#primaryimage\",\"url\":\"https:\/\/mieldeoveja.com\/wp-content\/uploads\/2026\/02\/Salas-virtuales-2.png\",\"contentUrl\":\"https:\/\/mieldeoveja.com\/wp-content\/uploads\/2026\/02\/Salas-virtuales-2.png\",\"width\":1080,\"height\":1350},{\"@type\":\"BreadcrumbList\",\"@id\":\"https:\/\/mieldeoveja.com\/?product=sombrero-otonal#breadcrumb\",\"itemListElement\":[{\"@type\":\"ListItem\",\"position\":1,\"name\":\"Portada\",\"item\":\"https:\/\/mieldeoveja.com\/\"},{\"@type\":\"ListItem\",\"position\":2,\"name\":\"Tienda\",\"item\":\"https:\/\/mieldeoveja.com\/?page_id=5\"},{\"@type\":\"ListItem\",\"position\":3,\"name\":\"Sombrero Oto\u00f1al\"}]},{\"@type\":\"WebSite\",\"@id\":\"https:\/\/mieldeoveja.com\/#website\",\"url\":\"https:\/\/mieldeoveja.com\/\",\"name\":\"Miel de oveja\",\"description\":\"Arte en Fieltro\",\"potentialAction\":[{\"@type\":\"SearchAction\",\"target\":{\"@type\":\"EntryPoint\",\"urlTemplate\":\"https:\/\/mieldeoveja.com\/?s={search_term_string}\"},\"query-input\":{\"@type\":\"PropertyValueSpecification\",\"valueRequired\":true,\"valueName\":\"search_term_string\"}}],\"inLanguage\":\"es\"}]}<\/script>\n<!-- \/ Yoast SEO plugin. -->","yoast_head_json":{"title":"Sombrero Oto\u00f1al - Miel de oveja","description":"Una locura expansiva fue y es \u00e9ste tutorial. calma y conexion interna profunda en cada paso. Ideas, colores y nuevas formas a lo b\u00e1sico","robots":{"index":"index","follow":"follow","max-snippet":"max-snippet:-1","max-image-preview":"max-image-preview:large","max-video-preview":"max-video-preview:-1"},"canonical":"https:\/\/mieldeoveja.com\/?product=sombrero-otonal","og_locale":"es_ES","og_type":"article","og_title":"Sombrero Oto\u00f1al - Miel de oveja","og_description":"Una locura expansiva fue y es \u00e9ste tutorial. calma y conexion interna profunda en cada paso. Ideas, colores y nuevas formas a lo b\u00e1sico","og_url":"https:\/\/mieldeoveja.com\/?product=sombrero-otonal","og_site_name":"Miel de oveja","article_modified_time":"2026-02-16T22:34:48+00:00","og_image":[{"width":1080,"height":1350,"url":"https:\/\/mieldeoveja.com\/wp-content\/uploads\/2026\/02\/Salas-virtuales-2.png","type":"image\/png"}],"twitter_card":"summary_large_image","twitter_misc":{"Tiempo de lectura":"1 minuto"},"schema":{"@context":"https:\/\/schema.org","@graph":[{"@type":"WebPage","@id":"https:\/\/mieldeoveja.com\/?product=sombrero-otonal","url":"https:\/\/mieldeoveja.com\/?product=sombrero-otonal","name":"Sombrero Oto\u00f1al - Miel de oveja","isPartOf":{"@id":"https:\/\/mieldeoveja.com\/#website"},"primaryImageOfPage":{"@id":"https:\/\/mieldeoveja.com\/?product=sombrero-otonal#primaryimage"},"image":{"@id":"https:\/\/mieldeoveja.com\/?product=sombrero-otonal#primaryimage"},"thumbnailUrl":"https:\/\/mieldeoveja.com\/wp-content\/uploads\/2026\/02\/Salas-virtuales-2.png","datePublished":"2026-02-16T17:12:37+00:00","dateModified":"2026-02-16T22:34:48+00:00","description":"Una locura expansiva fue y es \u00e9ste tutorial. calma y conexion interna profunda en cada paso. Ideas, colores y nuevas formas a lo b\u00e1sico","breadcrumb":{"@id":"https:\/\/mieldeoveja.com\/?product=sombrero-otonal#breadcrumb"},"inLanguage":"es","potentialAction":[{"@type":"ReadAction","target":["https:\/\/mieldeoveja.com\/?product=sombrero-otonal"]}]},{"@type":"ImageObject","inLanguage":"es","@id":"https:\/\/mieldeoveja.com\/?product=sombrero-otonal#primaryimage","url":"https:\/\/mieldeoveja.com\/wp-content\/uploads\/2026\/02\/Salas-virtuales-2.png","contentUrl":"https:\/\/mieldeoveja.com\/wp-content\/uploads\/2026\/02\/Salas-virtuales-2.png","width":1080,"height":1350},{"@type":"BreadcrumbList","@id":"https:\/\/mieldeoveja.com\/?product=sombrero-otonal#breadcrumb","itemListElement":[{"@type":"ListItem","position":1,"name":"Portada","item":"https:\/\/mieldeoveja.com\/"},{"@type":"ListItem","position":2,"name":"Tienda","item":"https:\/\/mieldeoveja.com\/?page_id=5"},{"@type":"ListItem","position":3,"name":"Sombrero Oto\u00f1al"}]},{"@type":"WebSite","@id":"https:\/\/mieldeoveja.com\/#website","url":"https:\/\/mieldeoveja.com\/","name":"Miel de oveja","description":"Arte en Fieltro","potentialAction":[{"@type":"SearchAction","target":{"@type":"EntryPoint","urlTemplate":"https:\/\/mieldeoveja.com\/?s={search_term_string}"},"query-input":{"@type":"PropertyValueSpecification","valueRequired":true,"valueName":"search_term_string"}}],"inLanguage":"es"}]}},"_links":{"self":[{"href":"https:\/\/mieldeoveja.com\/index.php?rest_route=\/wp\/v2\/product\/101","targetHints":{"allow":["GET"]}}],"collection":[{"href":"https:\/\/mieldeoveja.com\/index.php?rest_route=\/wp\/v2\/product"}],"about":[{"href":"https:\/\/mieldeoveja.com\/index.php?rest_route=\/wp\/v2\/types\/product"}],"replies":[{"embeddable":true,"href":"https:\/\/mieldeoveja.com\/index.php?rest_route=%2Fwp%2Fv2%2Fcomments&post=101"}],"wp:featuredmedia":[{"embeddable":true,"href":"https:\/\/mieldeoveja.com\/index.php?rest_route=\/wp\/v2\/media\/102"}],"wp:attachment":[{"href":"https:\/\/mieldeoveja.com\/index.php?rest_route=%2Fwp%2Fv2%2Fmedia&parent=101"}],"wp:term":[{"taxonomy":"product_brand","embeddable":true,"href":"https:\/\/mieldeoveja.com\/index.php?rest_route=%2Fwp%2Fv2%2Fproduct_brand&post=101"},{"taxonomy":"product_cat","embeddable":true,"href":"https:\/\/mieldeoveja.com\/index.php?rest_route=%2Fwp%2Fv2%2Fproduct_cat&post=101"},{"taxonomy":"product_tag","embeddable":true,"href":"https:\/\/mieldeoveja.com\/index.php?rest_route=%2Fwp%2Fv2%2Fproduct_tag&post=101"}],"curies":[{"name":"wp","href":"https:\/\/api.w.org\/{rel}","templated":true}]}}